{"id":1269,"date":"2021-05-31T14:39:14","date_gmt":"2021-05-31T05:39:14","guid":{"rendered":"http:\/\/www.ccijf.asso.fr\/?page_id=1269"},"modified":"2021-05-31T14:39:14","modified_gmt":"2021-05-31T05:39:14","slug":"archive","status":"publish","type":"page","link":"https:\/\/www.ccijf.asso.fr\/fr\/archive\/","title":{"rendered":"Nouveaux articles"},"content":{"rendered":"Vous devez \u00eatre connect\u00e9 pour voir ce contenu.","protected":false},"excerpt":{"rendered":"Vous devez \u00eatre connect\u00e9 pour voir ce contenu.","protected":false},"author":10,"featured_media":0,"parent":0,"menu_order":0,"comment_status":"closed","ping_status":"closed","template":"archive.php","meta":{"_monsterinsights_skip_tracking":false,"_monsterinsights_sitenote_active":false,"_monsterinsights_sitenote_note":"","_monsterinsights_sitenote_category":0,"_locale":"fr_FR","_original_post":"http:\/\/www.ccijf.asso.fr\/?page_id=464","footnotes":""},"class_list":["post-1269","page","type-page","status-publish","hentry","fr-FR"],"_links":{"self":[{"href":"https:\/\/www.ccijf.asso.fr\/wp-json\/wp\/v2\/pages\/1269","targetHints":{"allow":["GET"]}}],"collection":[{"href":"https:\/\/www.ccijf.asso.fr\/wp-json\/wp\/v2\/pages"}],"about":[{"href":"https:\/\/www.ccijf.asso.fr\/wp-json\/wp\/v2\/types\/page"}],"author":[{"embeddable":true,"href":"https:\/\/www.ccijf.asso.fr\/wp-json\/wp\/v2\/users\/10"}],"replies":[{"embeddable":true,"href":"https:\/\/www.ccijf.asso.fr\/wp-json\/wp\/v2\/comments?post=1269"}],"version-history":[{"count":1,"href":"https:\/\/www.ccijf.asso.fr\/wp-json\/wp\/v2\/pages\/1269\/revisions"}],"predecessor-version":[{"id":1270,"href":"https:\/\/www.ccijf.asso.fr\/wp-json\/wp\/v2\/pages\/1269\/revisions\/1270"}],"wp:attachment":[{"href":"https:\/\/www.ccijf.asso.fr\/wp-json\/wp\/v2\/media?parent=1269"}],"curies":[{"name":"wp","href":"https:\/\/api.w.org\/{rel}","templated":true}]}}