{"id":2260,"date":"2021-07-26T11:44:19","date_gmt":"2021-07-26T02:44:19","guid":{"rendered":"http:\/\/www.ccijf.asso.fr\/?page_id=2260"},"modified":"2021-09-07T04:38:46","modified_gmt":"2021-09-07T02:38:46","slug":"concernant-l-utilisation-des-cookies","status":"publish","type":"page","link":"https:\/\/www.ccijf.asso.fr\/fr\/concernant-l-utilisation-des-cookies\/","title":{"rendered":"Concernant l\u2019utilisation des cookies"},"content":{"rendered":"\n<p>Une partie du contenu de ce site Internet utilise des cookies pour proposer aux visiteurs du site des services plus adapt\u00e9s.<\/p>\n\n\n\n<p><\/p>\n\n\n\n<h4 class=\"wp-block-heading\">Qu\u2019est-ce qu\u2019un cookie&nbsp;?<\/h4>\n\n\n\n<p>Un cookie est un petit fichier texte conserv\u00e9 sur l\u2019ordinateur (ou le smartphone) du visiteur lors de sa consultation du site. L\u2019utilisation de cookies permet \u00e0 l\u2019administrateur du site d\u2019acqu\u00e9rir des informations telles que le nombre de consultations du site ou encore les pages consult\u00e9es.<\/p>\n\n\n\n<p>Les informations collect\u00e9es au moyen des cookies ne comprennent aucune information \u00e0 caract\u00e8re personnel susceptible d\u2019identifier le visiteur.<\/p>\n\n\n\n<p>Le visiteur peut par ailleurs d\u00e9sactiver les cookies en param\u00e9trant son navigateur, ce qui n\u2019impacte en aucune mani\u00e8re la consultation du site.<\/p>\n\n\n\n<p><\/p>\n\n\n\n<h4 class=\"wp-block-heading\">\u00c0 quelles fins les cookies&nbsp;sont-ils utilis\u00e9s?<\/h4>\n\n\n\n<p><strong>Pour une meilleure convivialit\u00e9<\/strong><\/p>\n\n\n\n<p>Nous utilisons des cookies pour proposer des contenus du pays et dans la langue les plus adapt\u00e9s au visiteur, sur la base du pays d\u2019acc\u00e8s et de la langue utilis\u00e9e lors de ses pr\u00e9c\u00e9dentes consultations du site.&nbsp;&nbsp;<br>Les cookies permettent de conserver les pr\u00e9f\u00e9rences du visiteur pour le site, notamment en gardant ouverte sa session pour un meilleur confort de navigation.<\/p>\n\n\n\n<p><strong>Pour comprendre l\u2019utilisation faite par le visiteur et ses besoins<\/strong><\/p>\n\n\n\n<p>L\u2019utilisation de cookies permet de comprendre l\u2019utilisation qui est faite des services fournis par le site, pour mieux proposer au visiteur des informations plus adapt\u00e9es \u00e0 ses centres d\u2019int\u00e9r\u00eat et \u00e0 ses besoins.\u25aa Ce site utilise Google Analytics de Google, Inc.<br>Nous utilisons les rapports \u00ab&nbsp;Donn\u00e9es d\u00e9mographiques et centres d\u2019int\u00e9r\u00eat&nbsp;\u00bb de Google Analytics pour proposer au visiteur des contenus adapt\u00e9s. Google Analytics collecte les donn\u00e9es concernant la visite du site (ci-apr\u00e8s, \u00ab&nbsp;donn\u00e9es utilisateurs&nbsp;\u00bb) \u00e0 l\u2019aide de cookies.<\/p>\n\n\n\n<p>\u25aa Les donn\u00e9es utilisateurs collect\u00e9es, enregistr\u00e9es et analys\u00e9es par Google Analytics ne comprennent aucune information susceptible d\u2019identifier des individus sp\u00e9cifiques.&nbsp;<br>Ces informations sont g\u00e9r\u00e9es par Google, Inc. en conformit\u00e9 avec la politique de confidentialit\u00e9 de l\u2019entreprise.&nbsp;<br>Pour plus d\u2019explications sur les conditions d\u2019utilisation de Google Analytics, veuillez consulter le site de Google Analytics. Pour plus d\u2019explications concernant la politique de confidentialit\u00e9 de Google, Inc., veuillez consulter le site de Google.<\/p>\n\n\n\n<p><a href=\"https:\/\/www.google.com\/analytics\/terms\/fr.html\" target=\"_blank\" rel=\"noreferrer noopener\">Conditions d\u2019utilisation de Google Analytics<\/a>&nbsp;(lien externe)<br><a href=\"https:\/\/policies.google.com\/privacy?hl=fr\" target=\"_blank\" rel=\"noreferrer noopener\">Politique de confidentialit\u00e9 de Google<\/a>&nbsp;(lien externe)<\/p>\n\n\n\n<p>\u25aa Google Analytics peut \u00eatre d\u00e9sactiv\u00e9 en t\u00e9l\u00e9chargeant et installant le \u00ab&nbsp;module compl\u00e9mentaire de navigateur pour la d\u00e9sactivation de Google Analytics&nbsp;\u00bb sur la page de t\u00e9l\u00e9chargement Google du m\u00eame nom et en modifiant les param\u00e8tres des modules compl\u00e9mentaires du navigateur.<\/p>\n\n\n\n<p><a href=\"https:\/\/tools.google.com\/dlpage\/gaoptout?hl=fr\" target=\"_blank\" rel=\"noreferrer noopener\">Module compl\u00e9mentaire de navigateur pour la d\u00e9sactivation de Google Analytics<\/a>&nbsp;(lien externe)<\/p>\n","protected":false},"excerpt":{"rendered":"<p>Une partie du contenu de ce site Internet utilise des cookies pour proposer aux visiteurs du site des services\u2026<\/p>\n","protected":false},"author":10,"featured_media":0,"parent":0,"menu_order":0,"comment_status":"closed","ping_status":"closed","template":"page-privacypolicy.php","meta":{"_monsterinsights_skip_tracking":false,"_monsterinsights_sitenote_active":false,"_monsterinsights_sitenote_note":"","_monsterinsights_sitenote_category":0,"_locale":"fr_FR","_original_post":"http:\/\/www.ccijf.asso.fr\/?page_id=2257","footnotes":""},"class_list":["post-2260","page","type-page","status-publish","hentry","fr-FR"],"_links":{"self":[{"href":"https:\/\/www.ccijf.asso.fr\/wp-json\/wp\/v2\/pages\/2260","targetHints":{"allow":["GET"]}}],"collection":[{"href":"https:\/\/www.ccijf.asso.fr\/wp-json\/wp\/v2\/pages"}],"about":[{"href":"https:\/\/www.ccijf.asso.fr\/wp-json\/wp\/v2\/types\/page"}],"author":[{"embeddable":true,"href":"https:\/\/www.ccijf.asso.fr\/wp-json\/wp\/v2\/users\/10"}],"replies":[{"embeddable":true,"href":"https:\/\/www.ccijf.asso.fr\/wp-json\/wp\/v2\/comments?post=2260"}],"version-history":[{"count":1,"href":"https:\/\/www.ccijf.asso.fr\/wp-json\/wp\/v2\/pages\/2260\/revisions"}],"predecessor-version":[{"id":2261,"href":"https:\/\/www.ccijf.asso.fr\/wp-json\/wp\/v2\/pages\/2260\/revisions\/2261"}],"wp:attachment":[{"href":"https:\/\/www.ccijf.asso.fr\/wp-json\/wp\/v2\/media?parent=2260"}],"curies":[{"name":"wp","href":"https:\/\/api.w.org\/{rel}","templated":true}]}}