{"id":231,"date":"2021-04-19T16:14:29","date_gmt":"2021-04-19T07:14:29","guid":{"rendered":"http:\/\/www.ccijf.asso.fr\/?page_id=231"},"modified":"2021-07-26T17:15:43","modified_gmt":"2021-07-26T08:15:43","slug":"login","status":"publish","type":"page","link":"https:\/\/www.ccijf.asso.fr\/fr\/login\/","title":{"rendered":"Se connecter (membres)"},"content":{"rendered":"\n<div><a id=\"login\"><\/a><form action=\"https:\/\/www.ccijf.asso.fr\/fr\/login\/\" method=\"POST\" id=\"\" class=\"form_login\"><input type=\"hidden\" id=\"_wpmem_login_nonce\" name=\"_wpmem_login_nonce\" value=\"b080f0f829\" \/><input type=\"hidden\" name=\"_wp_http_referer\" value=\"\/fr\/wp-json\/wp\/v2\/pages\/231\" \/><p>Si vous n'\u00eates pas encore membre, merci de vous r\u00e9f\u00e9rer \u00e0 la section <a href=\"\">La CCIJF \uff1e Formalit\u00e9s d'adh\u00e9sion<\/a><\/p><ul><li><label for=\"log\">Identifiant *<\/label><input name=\"log\" type=\"text\" id=\"log\" value=\"\" class=\"username input_text\" required=\"\"><\/li><li><label for=\"pwd\">Mot de passe *<\/label><input name=\"pwd\" type=\"password\" id=\"pwd\" value=\"\" class=\"password input_text\" required=\"\"><\/li><\/ul><input name=\"redirect_to\" type=\"hidden\" value=\"\" \/><input name=\"a\" type=\"hidden\" value=\"login\" \/><div class=\"select_keep\"><input name=\"rememberme\" type=\"checkbox\" id=\"rememberme\" value=\"forever\" \/>&nbsp;<label for=\"rememberme\">Rester connect\u00e9<\/label>&nbsp;&nbsp;<input type=\"submit\" name=\"Submit\" value=\"Connexion\" class=\"buttons\" \/><\/div><div class=\"reminder\"><span class=\"link-text-forgot\"><a href=\"https:\/\/www.ccijf.asso.fr\/mypage\/?a=pwdreset\">Mot de passe oubli\u00e9 ?<\/a><\/span><\/div><div class=\"reminder\"><span class=\"link-text-register\"><\/span><\/div><\/form><\/div>\n\n\n\n<p><\/p>\n","protected":false},"excerpt":{"rendered":"","protected":false},"author":10,"featured_media":0,"parent":0,"menu_order":0,"comment_status":"closed","ping_status":"closed","template":"page-member.php","meta":{"_monsterinsights_skip_tracking":false,"_monsterinsights_sitenote_active":false,"_monsterinsights_sitenote_note":"","_monsterinsights_sitenote_category":0,"_locale":"fr_FR","_original_post":"http:\/\/www.ccijf.asso.fr\/?page_id=197","footnotes":""},"class_list":["post-231","page","type-page","status-publish","hentry","fr-FR"],"_links":{"self":[{"href":"https:\/\/www.ccijf.asso.fr\/wp-json\/wp\/v2\/pages\/231","targetHints":{"allow":["GET"]}}],"collection":[{"href":"https:\/\/www.ccijf.asso.fr\/wp-json\/wp\/v2\/pages"}],"about":[{"href":"https:\/\/www.ccijf.asso.fr\/wp-json\/wp\/v2\/types\/page"}],"author":[{"embeddable":true,"href":"https:\/\/www.ccijf.asso.fr\/wp-json\/wp\/v2\/users\/10"}],"replies":[{"embeddable":true,"href":"https:\/\/www.ccijf.asso.fr\/wp-json\/wp\/v2\/comments?post=231"}],"version-history":[{"count":2,"href":"https:\/\/www.ccijf.asso.fr\/wp-json\/wp\/v2\/pages\/231\/revisions"}],"predecessor-version":[{"id":2367,"href":"https:\/\/www.ccijf.asso.fr\/wp-json\/wp\/v2\/pages\/231\/revisions\/2367"}],"wp:attachment":[{"href":"https:\/\/www.ccijf.asso.fr\/wp-json\/wp\/v2\/media?parent=231"}],"curies":[{"name":"wp","href":"https:\/\/api.w.org\/{rel}","templated":true}]}}