{"id":275,"date":"2021-04-30T17:05:42","date_gmt":"2021-04-30T08:05:42","guid":{"rendered":"http:\/\/www.ccijf.asso.fr\/?page_id=275"},"modified":"2021-04-30T17:05:42","modified_gmt":"2021-04-30T08:05:42","slug":"my-calendar","status":"publish","type":"page","link":"https:\/\/www.ccijf.asso.fr\/fr\/my-calendar\/","title":{"rendered":"My Calendar"},"content":{"rendered":"Vous devez \u00eatre connect\u00e9 pour voir ce contenu.","protected":false},"excerpt":{"rendered":"Vous devez \u00eatre connect\u00e9 pour voir ce contenu.","protected":false},"author":10,"featured_media":0,"parent":0,"menu_order":0,"comment_status":"closed","ping_status":"closed","template":"","meta":{"_acf_changed":false,"_monsterinsights_skip_tracking":false,"_monsterinsights_sitenote_active":false,"_monsterinsights_sitenote_note":"","_monsterinsights_sitenote_category":0,"_locale":"fr_FR","_original_post":"http:\/\/www.ccijf.asso.fr\/my-calendar.html","footnotes":""},"class_list":["post-275","page","type-page","status-publish","hentry","fr-FR"],"acf":[],"publishpress_future_action":{"enabled":false,"date":"2026-05-24 08:50:21","action":"change-status","newStatus":"draft","terms":[],"taxonomy":"","extraData":[]},"publishpress_future_workflow_manual_trigger":{"enabledWorkflows":[]},"_links":{"self":[{"href":"https:\/\/www.ccijf.asso.fr\/wp-json\/wp\/v2\/pages\/275","targetHints":{"allow":["GET"]}}],"collection":[{"href":"https:\/\/www.ccijf.asso.fr\/wp-json\/wp\/v2\/pages"}],"about":[{"href":"https:\/\/www.ccijf.asso.fr\/wp-json\/wp\/v2\/types\/page"}],"author":[{"embeddable":true,"href":"https:\/\/www.ccijf.asso.fr\/wp-json\/wp\/v2\/users\/10"}],"replies":[{"embeddable":true,"href":"https:\/\/www.ccijf.asso.fr\/wp-json\/wp\/v2\/comments?post=275"}],"version-history":[{"count":1,"href":"https:\/\/www.ccijf.asso.fr\/wp-json\/wp\/v2\/pages\/275\/revisions"}],"predecessor-version":[{"id":276,"href":"https:\/\/www.ccijf.asso.fr\/wp-json\/wp\/v2\/pages\/275\/revisions\/276"}],"wp:attachment":[{"href":"https:\/\/www.ccijf.asso.fr\/wp-json\/wp\/v2\/media?parent=275"}],"curies":[{"name":"wp","href":"https:\/\/api.w.org\/{rel}","templated":true}]}}